{"id":30225,"date":"2017-02-20T15:14:31","date_gmt":"2017-02-20T14:14:31","guid":{"rendered":"https:\/\/muenzring-manufaktur.de\/merci\/"},"modified":"2017-02-20T15:14:31","modified_gmt":"2017-02-20T14:14:31","slug":"merci","status":"publish","type":"page","link":"https:\/\/muenzring-manufaktur.de\/fr\/merci\/","title":{"rendered":"Merci"},"content":{"rendered":"<p>Nous vous remercions de votre achat. Vous recevrez dans les prochains jours un e-mail contenant des informations d\u00e9taill\u00e9es sur la livraison.  <a href=\"http:\/\/www.muenzring-manufaktur.de\">Retour \u00e0 la page principale<\/a><\/p>\n","protected":false},"excerpt":{"rendered":"<p>Nous vous remercions de votre achat. Vous recevrez dans les prochains jours un e-mail contenant des informations d\u00e9taill\u00e9es sur la livraison. Retour \u00e0 la page principale<\/p>\n","protected":false},"author":1,"featured_media":0,"parent":0,"menu_order":0,"comment_status":"closed","ping_status":"closed","template":"","meta":{"footnotes":""},"class_list":["post-30225","page","type-page","status-publish","hentry"],"_links":{"self":[{"href":"https:\/\/muenzring-manufaktur.de\/fr\/wp-json\/wp\/v2\/pages\/30225","targetHints":{"allow":["GET"]}}],"collection":[{"href":"https:\/\/muenzring-manufaktur.de\/fr\/wp-json\/wp\/v2\/pages"}],"about":[{"href":"https:\/\/muenzring-manufaktur.de\/fr\/wp-json\/wp\/v2\/types\/page"}],"author":[{"embeddable":true,"href":"https:\/\/muenzring-manufaktur.de\/fr\/wp-json\/wp\/v2\/users\/1"}],"replies":[{"embeddable":true,"href":"https:\/\/muenzring-manufaktur.de\/fr\/wp-json\/wp\/v2\/comments?post=30225"}],"version-history":[{"count":0,"href":"https:\/\/muenzring-manufaktur.de\/fr\/wp-json\/wp\/v2\/pages\/30225\/revisions"}],"wp:attachment":[{"href":"https:\/\/muenzring-manufaktur.de\/fr\/wp-json\/wp\/v2\/media?parent=30225"}],"curies":[{"name":"wp","href":"https:\/\/api.w.org\/{rel}","templated":true}]}}