{"id":30242,"date":"2023-10-09T12:25:11","date_gmt":"2023-10-09T10:25:11","guid":{"rendered":"https:\/\/muenzring-manufaktur.de\/magasin\/"},"modified":"2024-05-25T10:50:20","modified_gmt":"2024-05-25T08:50:20","slug":"magasin","status":"publish","type":"page","link":"https:\/\/muenzring-manufaktur.de\/fr\/magasin\/","title":{"rendered":"Magasin"},"content":{"rendered":"<p>[vc_row][vc_column][vc_column_text]<\/p>\n<p style=\"text-align: center; font-weight: bold; font-size: 1.5em; color: #ffffff;\">Visitez \u00e9galement notre magasin \u00e0 Mannheim<\/p>\n<p style=\"text-align: center; color: #ffffff;\">Seckenheimerstra\u00dfe 40, 68165 Mannheim<\/p>\n<p>[\/vc_column_text][\/vc_column][\/vc_row]<\/p>\n<p>[vc_row][vc_column][vc_column_text]<\/p>\n<p style=\"text-align: center; color: #ffffff;\">Nos heures d&#8217;ouverture :<\/p>\n<p style=\"text-align: center; color: #ffffff;\">Jeudi et vendredi<br \/>\n10 h 00 &#8211; 13 h 00 et 15 h 00 &#8211; 17 h 30<\/p>\n<p style=\"text-align: center; color: #ffffff;\">Mercredi et samedi<br \/>\n10:00 &#8211; 13:00 heures<\/p>\n<p style=\"text-align: center; font-weight: bold; font-size: 1.1em; color: yellow;\">Apportez-nous votre pi\u00e8ce ou choisissez avec nous une pi\u00e8ce appropri\u00e9e !<\/p>\n<p>[\/vc_column_text][\/vc_column][\/vc_row][vc_row][vc_column][vc_single_image image=&#8221;30243&#8243; img_size=&#8221;full&#8221; alignment=&#8221;center&#8221;][\/vc_column][\/vc_row][vc_row][vc_column text_align=&#8221;center&#8221;][vc_images_carousel images=&#8221;29370,29377,29375,29376,29374,29371,29373,29369,29372&#8243; img_size=&#8221;full&#8221; slides_per_view=&#8221;4&#8243; autoplay=&#8221;yes&#8221; hide_prev_next_buttons=&#8221;yes&#8221; wrap=&#8221;yes&#8221;][\/vc_column][\/vc_row]<\/p>\n","protected":false},"excerpt":{"rendered":"<p>[vc_row][vc_column][vc_column_text] Visitez \u00e9galement notre magasin \u00e0 Mannheim Seckenheimerstra\u00dfe 40, 68165 Mannheim [\/vc_column_text][\/vc_column][\/vc_row] [vc_row][vc_column][vc_column_text] Nos heures d&#8217;ouverture : Jeudi et vendredi 10 h 00 &#8211; 13 h 00 et 15 h 00 &#8211; 17 h 30 Mercredi et samedi 10:00 &#8211; 13:00 heures Apportez-nous votre pi\u00e8ce ou choisissez avec nous une pi\u00e8ce appropri\u00e9e ! [\/vc_column_text][\/vc_column][\/vc_row][vc_row][vc_column][vc_single_image image=&#8221;30243&#8243; [&hellip;]<\/p>\n","protected":false},"author":1,"featured_media":0,"parent":0,"menu_order":0,"comment_status":"closed","ping_status":"closed","template":"","meta":{"footnotes":""},"class_list":["post-30242","page","type-page","status-publish","hentry"],"_links":{"self":[{"href":"https:\/\/muenzring-manufaktur.de\/fr\/wp-json\/wp\/v2\/pages\/30242","targetHints":{"allow":["GET"]}}],"collection":[{"href":"https:\/\/muenzring-manufaktur.de\/fr\/wp-json\/wp\/v2\/pages"}],"about":[{"href":"https:\/\/muenzring-manufaktur.de\/fr\/wp-json\/wp\/v2\/types\/page"}],"author":[{"embeddable":true,"href":"https:\/\/muenzring-manufaktur.de\/fr\/wp-json\/wp\/v2\/users\/1"}],"replies":[{"embeddable":true,"href":"https:\/\/muenzring-manufaktur.de\/fr\/wp-json\/wp\/v2\/comments?post=30242"}],"version-history":[{"count":18,"href":"https:\/\/muenzring-manufaktur.de\/fr\/wp-json\/wp\/v2\/pages\/30242\/revisions"}],"predecessor-version":[{"id":30980,"href":"https:\/\/muenzring-manufaktur.de\/fr\/wp-json\/wp\/v2\/pages\/30242\/revisions\/30980"}],"wp:attachment":[{"href":"https:\/\/muenzring-manufaktur.de\/fr\/wp-json\/wp\/v2\/media?parent=30242"}],"curies":[{"name":"wp","href":"https:\/\/api.w.org\/{rel}","templated":true}]}}