{"id":30251,"date":"2018-07-13T12:04:42","date_gmt":"2018-07-13T10:04:42","guid":{"rendered":"https:\/\/muenzring-manufaktur.de\/livraison-expedition\/"},"modified":"2018-07-13T12:04:42","modified_gmt":"2018-07-13T10:04:42","slug":"livraison-expedition","status":"publish","type":"page","link":"https:\/\/muenzring-manufaktur.de\/fr\/livraison-expedition\/","title":{"rendered":"Livraison &amp; Exp\u00e9dition"},"content":{"rendered":"<p>Nous exp\u00e9dions en Allemagne par DHL en recommand\u00e9\/en d\u00e9p\u00f4t.<\/p>\n<p>Les frais de port sont de 5,00 euros pour l&#8217;Allemagne, l&#8217;Autriche et la Suisse.<br \/>\nLes frais de livraison sont indiqu\u00e9s dans le panier au cours du processus de commande.<\/p>\n<p><img loading=\"lazy\" decoding=\"async\" src=\"https:\/\/muenzring-manufaktur.de\/wp-content\/uploads\/2018\/07\/dhl-300x88.png\" alt=\"Manufacture d'anneaux de monnaie\" width=\"300\" height=\"88\" class=\"alignnone size-medium wp-image-600\" srcset=\"https:\/\/muenzring-manufaktur.de\/wp-content\/uploads\/2018\/07\/dhl-300x88.png 300w, https:\/\/muenzring-manufaktur.de\/wp-content\/uploads\/2018\/07\/dhl-768x225.png 768w, https:\/\/muenzring-manufaktur.de\/wp-content\/uploads\/2018\/07\/dhl-1024x300.png 1024w, https:\/\/muenzring-manufaktur.de\/wp-content\/uploads\/2018\/07\/dhl-500x146.png 500w, https:\/\/muenzring-manufaktur.de\/wp-content\/uploads\/2018\/07\/dhl.png 1424w\" sizes=\"auto, (max-width: 300px) 100vw, 300px\" \/><\/p>\n<p>La livraison est g\u00e9n\u00e9ralement effectu\u00e9e dans un d\u00e9lai de 2 semaines.<br \/>\nPour les pi\u00e8ces qui ne sont pas disponibles \u00e0 court terme, le d\u00e9lai de livraison est augment\u00e9 du d\u00e9lai d&#8217;approvisionnement.<\/p>\n","protected":false},"excerpt":{"rendered":"<p>Nous exp\u00e9dions en Allemagne par DHL en recommand\u00e9\/en d\u00e9p\u00f4t. Les frais de port sont de 5,00 euros pour l&#8217;Allemagne, l&#8217;Autriche et la Suisse. Les frais de livraison sont indiqu\u00e9s dans le panier au cours du processus de commande. La livraison est g\u00e9n\u00e9ralement effectu\u00e9e dans un d\u00e9lai de 2 semaines. Pour les pi\u00e8ces qui ne sont [&hellip;]<\/p>\n","protected":false},"author":1,"featured_media":0,"parent":0,"menu_order":0,"comment_status":"closed","ping_status":"closed","template":"","meta":{"footnotes":""},"class_list":["post-30251","page","type-page","status-publish","hentry"],"_links":{"self":[{"href":"https:\/\/muenzring-manufaktur.de\/fr\/wp-json\/wp\/v2\/pages\/30251","targetHints":{"allow":["GET"]}}],"collection":[{"href":"https:\/\/muenzring-manufaktur.de\/fr\/wp-json\/wp\/v2\/pages"}],"about":[{"href":"https:\/\/muenzring-manufaktur.de\/fr\/wp-json\/wp\/v2\/types\/page"}],"author":[{"embeddable":true,"href":"https:\/\/muenzring-manufaktur.de\/fr\/wp-json\/wp\/v2\/users\/1"}],"replies":[{"embeddable":true,"href":"https:\/\/muenzring-manufaktur.de\/fr\/wp-json\/wp\/v2\/comments?post=30251"}],"version-history":[{"count":0,"href":"https:\/\/muenzring-manufaktur.de\/fr\/wp-json\/wp\/v2\/pages\/30251\/revisions"}],"wp:attachment":[{"href":"https:\/\/muenzring-manufaktur.de\/fr\/wp-json\/wp\/v2\/media?parent=30251"}],"curies":[{"name":"wp","href":"https:\/\/api.w.org\/{rel}","templated":true}]}}