{"id":30293,"date":"2023-03-12T17:27:29","date_gmt":"2023-03-12T16:27:29","guid":{"rendered":"https:\/\/muenzring-manufaktur.de\/product\/pince-a-billets-krugerrand\/"},"modified":"2024-05-18T10:10:32","modified_gmt":"2024-05-18T08:10:32","slug":"pince-a-billets-krugerrand","status":"publish","type":"product","link":"https:\/\/muenzring-manufaktur.de\/fr\/produit\/pince-a-billets-krugerrand\/","title":{"rendered":"Pince \u00e0 billets &#8220;Krugerrand"},"content":{"rendered":"","protected":false},"excerpt":{"rendered":"<p>Pince \u00e0 billets &#8220;Krugerrand&#8221;, mat\u00e9riau .999 argent.<\/p>\n","protected":false},"featured_media":30298,"template":"","meta":[],"product_brand":[],"product_cat":[135],"product_tag":[144,140,145],"class_list":{"0":"post-30293","1":"product","2":"type-product","3":"status-publish","4":"has-post-thumbnail","6":"product_cat-autres","7":"product_tag-pince-a-billets","8":"product_tag-pince-a-billets-krugerrand","9":"product_tag-pince-a-billets-argent","11":"first","12":"instock","13":"shipping-taxable","14":"purchasable","15":"product-type-simple"},"_links":{"self":[{"href":"https:\/\/muenzring-manufaktur.de\/fr\/wp-json\/wp\/v2\/product\/30293","targetHints":{"allow":["GET"]}}],"collection":[{"href":"https:\/\/muenzring-manufaktur.de\/fr\/wp-json\/wp\/v2\/product"}],"about":[{"href":"https:\/\/muenzring-manufaktur.de\/fr\/wp-json\/wp\/v2\/types\/product"}],"wp:featuredmedia":[{"embeddable":true,"href":"https:\/\/muenzring-manufaktur.de\/fr\/wp-json\/wp\/v2\/media\/30298"}],"wp:attachment":[{"href":"https:\/\/muenzring-manufaktur.de\/fr\/wp-json\/wp\/v2\/media?parent=30293"}],"wp:term":[{"taxonomy":"product_brand","embeddable":true,"href":"https:\/\/muenzring-manufaktur.de\/fr\/wp-json\/wp\/v2\/product_brand?post=30293"},{"taxonomy":"product_cat","embeddable":true,"href":"https:\/\/muenzring-manufaktur.de\/fr\/wp-json\/wp\/v2\/product_cat?post=30293"},{"taxonomy":"product_tag","embeddable":true,"href":"https:\/\/muenzring-manufaktur.de\/fr\/wp-json\/wp\/v2\/product_tag?post=30293"}],"curies":[{"name":"wp","href":"https:\/\/api.w.org\/{rel}","templated":true}]}}