{"id":30372,"date":"2022-06-05T19:38:10","date_gmt":"2022-06-05T17:38:10","guid":{"rendered":"https:\/\/muenzring-manufaktur.de\/product\/bague-a-monnaie-crown-jubilee\/"},"modified":"2024-05-18T10:13:58","modified_gmt":"2024-05-18T08:13:58","slug":"bague-a-monnaie-crown-jubilee","status":"publish","type":"product","link":"https:\/\/muenzring-manufaktur.de\/fr\/produit\/bague-a-monnaie-crown-jubilee\/","title":{"rendered":"Bague \u00e0 monnaie &#8220;Crown Jubilee"},"content":{"rendered":"","protected":false},"excerpt":{"rendered":"<p>Bague \u00e0 monnaie &#8220;Crown Jubilee&#8221; , GB, Mat\u00e9riau : argent .999 argent<\/p>\n<p>Toutes les bagues sont fabriqu\u00e9es individuellement. L&#8217;image est un exemple.<\/p>\n","protected":false},"featured_media":30380,"template":"","meta":[],"product_brand":[],"product_cat":[137],"product_tag":[],"class_list":{"0":"post-30372","1":"product","2":"type-product","3":"status-publish","4":"has-post-thumbnail","6":"product_cat-anneaux-pour-pieces-de-monnaie-fr","8":"first","9":"instock","10":"shipping-taxable","11":"purchasable","12":"product-type-variable"},"_links":{"self":[{"href":"https:\/\/muenzring-manufaktur.de\/fr\/wp-json\/wp\/v2\/product\/30372","targetHints":{"allow":["GET"]}}],"collection":[{"href":"https:\/\/muenzring-manufaktur.de\/fr\/wp-json\/wp\/v2\/product"}],"about":[{"href":"https:\/\/muenzring-manufaktur.de\/fr\/wp-json\/wp\/v2\/types\/product"}],"wp:featuredmedia":[{"embeddable":true,"href":"https:\/\/muenzring-manufaktur.de\/fr\/wp-json\/wp\/v2\/media\/30380"}],"wp:attachment":[{"href":"https:\/\/muenzring-manufaktur.de\/fr\/wp-json\/wp\/v2\/media?parent=30372"}],"wp:term":[{"taxonomy":"product_brand","embeddable":true,"href":"https:\/\/muenzring-manufaktur.de\/fr\/wp-json\/wp\/v2\/product_brand?post=30372"},{"taxonomy":"product_cat","embeddable":true,"href":"https:\/\/muenzring-manufaktur.de\/fr\/wp-json\/wp\/v2\/product_cat?post=30372"},{"taxonomy":"product_tag","embeddable":true,"href":"https:\/\/muenzring-manufaktur.de\/fr\/wp-json\/wp\/v2\/product_tag?post=30372"}],"curies":[{"name":"wp","href":"https:\/\/api.w.org\/{rel}","templated":true}]}}