{"id":30394,"date":"2023-07-16T18:31:06","date_gmt":"2023-07-16T16:31:06","guid":{"rendered":"https:\/\/muenzring-manufaktur.de\/product\/bague-a-monnaie-morgan-dollar-peinte-par-poudrage\/"},"modified":"2024-05-18T10:09:44","modified_gmt":"2024-05-18T08:09:44","slug":"bague-a-monnaie-morgan-dollar-peinte-par-poudrage","status":"publish","type":"product","link":"https:\/\/muenzring-manufaktur.de\/fr\/produit\/bague-a-monnaie-morgan-dollar-peinte-par-poudrage\/","title":{"rendered":"Bague \u00e0 monnaie &#8220;Morgan Dollar&#8221;, peinte par poudrage"},"content":{"rendered":"","protected":false},"excerpt":{"rendered":"<p>Bague de monnaie &#8220;Morgan&#8221; Dollar, USA, Mat\u00e9riau : argent .900, rev\u00eatement en poudre<\/p>\n<p>Toutes les bagues sont fabriqu\u00e9es individuellement. L&#8217;image est un exemple.<br \/>\nLa teinte peut varier par rapport \u00e0 l&#8217;image d&#8217;exemple en raison des r\u00e9glages individuels de l&#8217;\u00e9cran de l&#8217;utilisateur.<\/p>\n","protected":false},"featured_media":30404,"template":"","meta":[],"product_brand":[],"product_cat":[137],"product_tag":[],"class_list":{"0":"post-30394","1":"product","2":"type-product","3":"status-publish","4":"has-post-thumbnail","6":"product_cat-anneaux-pour-pieces-de-monnaie-fr","8":"first","9":"instock","10":"shipping-taxable","11":"purchasable","12":"product-type-variable"},"_links":{"self":[{"href":"https:\/\/muenzring-manufaktur.de\/fr\/wp-json\/wp\/v2\/product\/30394","targetHints":{"allow":["GET"]}}],"collection":[{"href":"https:\/\/muenzring-manufaktur.de\/fr\/wp-json\/wp\/v2\/product"}],"about":[{"href":"https:\/\/muenzring-manufaktur.de\/fr\/wp-json\/wp\/v2\/types\/product"}],"wp:featuredmedia":[{"embeddable":true,"href":"https:\/\/muenzring-manufaktur.de\/fr\/wp-json\/wp\/v2\/media\/30404"}],"wp:attachment":[{"href":"https:\/\/muenzring-manufaktur.de\/fr\/wp-json\/wp\/v2\/media?parent=30394"}],"wp:term":[{"taxonomy":"product_brand","embeddable":true,"href":"https:\/\/muenzring-manufaktur.de\/fr\/wp-json\/wp\/v2\/product_brand?post=30394"},{"taxonomy":"product_cat","embeddable":true,"href":"https:\/\/muenzring-manufaktur.de\/fr\/wp-json\/wp\/v2\/product_cat?post=30394"},{"taxonomy":"product_tag","embeddable":true,"href":"https:\/\/muenzring-manufaktur.de\/fr\/wp-json\/wp\/v2\/product_tag?post=30394"}],"curies":[{"name":"wp","href":"https:\/\/api.w.org\/{rel}","templated":true}]}}