{"id":30504,"date":"2021-07-24T17:46:25","date_gmt":"2021-07-24T15:46:25","guid":{"rendered":"https:\/\/muenzring-manufaktur.de\/product\/chaine-en-argent-pour-mediator-u-s-quarter\/"},"modified":"2024-05-18T10:14:44","modified_gmt":"2024-05-18T08:14:44","slug":"chaine-en-argent-pour-mediator-u-s-quarter","status":"publish","type":"product","link":"https:\/\/muenzring-manufaktur.de\/fr\/produit\/chaine-en-argent-pour-mediator-u-s-quarter\/","title":{"rendered":"Cha\u00eene en argent pour m\u00e9diator &#8220;U.S. Quarter"},"content":{"rendered":"","protected":false},"excerpt":{"rendered":"<p>M\u00e9diator cha\u00eene en argent<\/p>\n<p>M\u00e9diator : Argent .900<br \/>\nCha\u00eene : Argent .925<br \/>\nConvient pour les guitares \u00e9lectriques<\/p>\n","protected":false},"featured_media":30511,"template":"","meta":[],"product_brand":[],"product_cat":[135],"product_tag":[154],"class_list":{"0":"post-30504","1":"product","2":"type-product","3":"status-publish","4":"has-post-thumbnail","6":"product_cat-autres","7":"product_tag-mediator-chaine-en-argent","9":"first","10":"instock","11":"shipping-taxable","12":"purchasable","13":"product-type-simple"},"_links":{"self":[{"href":"https:\/\/muenzring-manufaktur.de\/fr\/wp-json\/wp\/v2\/product\/30504","targetHints":{"allow":["GET"]}}],"collection":[{"href":"https:\/\/muenzring-manufaktur.de\/fr\/wp-json\/wp\/v2\/product"}],"about":[{"href":"https:\/\/muenzring-manufaktur.de\/fr\/wp-json\/wp\/v2\/types\/product"}],"wp:featuredmedia":[{"embeddable":true,"href":"https:\/\/muenzring-manufaktur.de\/fr\/wp-json\/wp\/v2\/media\/30511"}],"wp:attachment":[{"href":"https:\/\/muenzring-manufaktur.de\/fr\/wp-json\/wp\/v2\/media?parent=30504"}],"wp:term":[{"taxonomy":"product_brand","embeddable":true,"href":"https:\/\/muenzring-manufaktur.de\/fr\/wp-json\/wp\/v2\/product_brand?post=30504"},{"taxonomy":"product_cat","embeddable":true,"href":"https:\/\/muenzring-manufaktur.de\/fr\/wp-json\/wp\/v2\/product_cat?post=30504"},{"taxonomy":"product_tag","embeddable":true,"href":"https:\/\/muenzring-manufaktur.de\/fr\/wp-json\/wp\/v2\/product_tag?post=30504"}],"curies":[{"name":"wp","href":"https:\/\/api.w.org\/{rel}","templated":true}]}}