{"id":30515,"date":"2022-06-05T09:37:46","date_gmt":"2022-06-05T07:37:46","guid":{"rendered":"https:\/\/muenzring-manufaktur.de\/product\/boite-a-monnaie-unity\/"},"modified":"2024-05-18T10:14:29","modified_gmt":"2024-05-18T08:14:29","slug":"boite-a-monnaie-unity","status":"publish","type":"product","link":"https:\/\/muenzring-manufaktur.de\/fr\/produit\/boite-a-monnaie-unity\/","title":{"rendered":"Bo\u00eete \u00e0 monnaie &#8220;Unity"},"content":{"rendered":"<p>La bo\u00eete se compose d&#8217;un demi-dollar &#8220;Kennedy&#8221; (.900 argent), un American Silver Eagle (.999 argent) et un mark historique (.900 argent).<\/p>\n","protected":false},"excerpt":{"rendered":"<p>Bo\u00eete \u00e0 monnaie &#8220;Unity<br \/>\nMat\u00e9riau : argent<\/p>\n","protected":false},"featured_media":30521,"template":"","meta":[],"product_brand":[],"product_cat":[135],"product_tag":[157,156,158,155],"class_list":{"0":"post-30515","1":"product","2":"type-product","3":"status-publish","4":"has-post-thumbnail","6":"product_cat-autres","7":"product_tag-boite","8":"product_tag-boite-a-monnaie","9":"product_tag-boite-a-monnaie-americas","10":"product_tag-pieces-de-monnaie","12":"first","13":"instock","14":"shipping-taxable","15":"purchasable","16":"product-type-simple"},"_links":{"self":[{"href":"https:\/\/muenzring-manufaktur.de\/fr\/wp-json\/wp\/v2\/product\/30515","targetHints":{"allow":["GET"]}}],"collection":[{"href":"https:\/\/muenzring-manufaktur.de\/fr\/wp-json\/wp\/v2\/product"}],"about":[{"href":"https:\/\/muenzring-manufaktur.de\/fr\/wp-json\/wp\/v2\/types\/product"}],"wp:featuredmedia":[{"embeddable":true,"href":"https:\/\/muenzring-manufaktur.de\/fr\/wp-json\/wp\/v2\/media\/30521"}],"wp:attachment":[{"href":"https:\/\/muenzring-manufaktur.de\/fr\/wp-json\/wp\/v2\/media?parent=30515"}],"wp:term":[{"taxonomy":"product_brand","embeddable":true,"href":"https:\/\/muenzring-manufaktur.de\/fr\/wp-json\/wp\/v2\/product_brand?post=30515"},{"taxonomy":"product_cat","embeddable":true,"href":"https:\/\/muenzring-manufaktur.de\/fr\/wp-json\/wp\/v2\/product_cat?post=30515"},{"taxonomy":"product_tag","embeddable":true,"href":"https:\/\/muenzring-manufaktur.de\/fr\/wp-json\/wp\/v2\/product_tag?post=30515"}],"curies":[{"name":"wp","href":"https:\/\/api.w.org\/{rel}","templated":true}]}}