{"id":30660,"date":"2018-07-16T14:20:23","date_gmt":"2018-07-16T12:20:23","guid":{"rendered":"https:\/\/muenzring-manufaktur.de\/product\/bague-a-monnaie-disque-celeste\/"},"modified":"2024-05-18T10:16:34","modified_gmt":"2024-05-18T08:16:34","slug":"bague-a-monnaie-disque-celeste","status":"publish","type":"product","link":"https:\/\/muenzring-manufaktur.de\/fr\/produit\/bague-a-monnaie-disque-celeste\/","title":{"rendered":"Bague \u00e0 monnaie &#8220;disque c\u00e9leste"},"content":{"rendered":"","protected":false},"excerpt":{"rendered":"<p>Bague \u00e0 monnaie &#8220;Disque c\u00e9leste de Nebra&#8221;&#8221;, Mat\u00e9riau : argent .925<\/p>\n<p>Toutes les bagues sont fabriqu\u00e9es individuellement. L&#8217;image est un exemple.<\/p>\n","protected":false},"featured_media":30641,"template":"","meta":[],"product_brand":[],"product_cat":[137],"product_tag":[],"class_list":{"0":"post-30660","1":"product","2":"type-product","3":"status-publish","4":"has-post-thumbnail","6":"product_cat-anneaux-pour-pieces-de-monnaie-fr","8":"first","9":"instock","10":"shipping-taxable","11":"purchasable","12":"product-type-variable"},"_links":{"self":[{"href":"https:\/\/muenzring-manufaktur.de\/fr\/wp-json\/wp\/v2\/product\/30660","targetHints":{"allow":["GET"]}}],"collection":[{"href":"https:\/\/muenzring-manufaktur.de\/fr\/wp-json\/wp\/v2\/product"}],"about":[{"href":"https:\/\/muenzring-manufaktur.de\/fr\/wp-json\/wp\/v2\/types\/product"}],"wp:featuredmedia":[{"embeddable":true,"href":"https:\/\/muenzring-manufaktur.de\/fr\/wp-json\/wp\/v2\/media\/30641"}],"wp:attachment":[{"href":"https:\/\/muenzring-manufaktur.de\/fr\/wp-json\/wp\/v2\/media?parent=30660"}],"wp:term":[{"taxonomy":"product_brand","embeddable":true,"href":"https:\/\/muenzring-manufaktur.de\/fr\/wp-json\/wp\/v2\/product_brand?post=30660"},{"taxonomy":"product_cat","embeddable":true,"href":"https:\/\/muenzring-manufaktur.de\/fr\/wp-json\/wp\/v2\/product_cat?post=30660"},{"taxonomy":"product_tag","embeddable":true,"href":"https:\/\/muenzring-manufaktur.de\/fr\/wp-json\/wp\/v2\/product_tag?post=30660"}],"curies":[{"name":"wp","href":"https:\/\/api.w.org\/{rel}","templated":true}]}}