{"id":30721,"date":"2018-07-16T13:52:23","date_gmt":"2018-07-16T11:52:23","guid":{"rendered":"https:\/\/muenzring-manufaktur.de\/product\/bague-a-monnaie-franc-suisse\/"},"modified":"2024-05-18T10:16:44","modified_gmt":"2024-05-18T08:16:44","slug":"bague-a-monnaie-franc-suisse","status":"publish","type":"product","link":"https:\/\/muenzring-manufaktur.de\/fr\/produit\/bague-a-monnaie-franc-suisse\/","title":{"rendered":"Bague \u00e0 monnaie &#8220;Franc suisse"},"content":{"rendered":"","protected":false},"excerpt":{"rendered":"<p>Bague de monnaie &#8220;Franc suisse&#8221; Mat\u00e9riau : argent .835<\/p>\n<p>Toutes les bagues sont fabriqu\u00e9es individuellement. L&#8217;image est un exemple.<br \/>\nLa bague est fabriqu\u00e9e \u00e0 partir d&#8217;une pi\u00e8ce de 1 ou 2 francs, selon la taille cible.<\/p>\n","protected":false},"featured_media":30640,"template":"","meta":[],"product_brand":[],"product_cat":[137],"product_tag":[],"class_list":{"0":"post-30721","1":"product","2":"type-product","3":"status-publish","4":"has-post-thumbnail","6":"product_cat-anneaux-pour-pieces-de-monnaie-fr","8":"first","9":"instock","10":"shipping-taxable","11":"purchasable","12":"product-type-variable"},"_links":{"self":[{"href":"https:\/\/muenzring-manufaktur.de\/fr\/wp-json\/wp\/v2\/product\/30721","targetHints":{"allow":["GET"]}}],"collection":[{"href":"https:\/\/muenzring-manufaktur.de\/fr\/wp-json\/wp\/v2\/product"}],"about":[{"href":"https:\/\/muenzring-manufaktur.de\/fr\/wp-json\/wp\/v2\/types\/product"}],"wp:featuredmedia":[{"embeddable":true,"href":"https:\/\/muenzring-manufaktur.de\/fr\/wp-json\/wp\/v2\/media\/30640"}],"wp:attachment":[{"href":"https:\/\/muenzring-manufaktur.de\/fr\/wp-json\/wp\/v2\/media?parent=30721"}],"wp:term":[{"taxonomy":"product_brand","embeddable":true,"href":"https:\/\/muenzring-manufaktur.de\/fr\/wp-json\/wp\/v2\/product_brand?post=30721"},{"taxonomy":"product_cat","embeddable":true,"href":"https:\/\/muenzring-manufaktur.de\/fr\/wp-json\/wp\/v2\/product_cat?post=30721"},{"taxonomy":"product_tag","embeddable":true,"href":"https:\/\/muenzring-manufaktur.de\/fr\/wp-json\/wp\/v2\/product_tag?post=30721"}],"curies":[{"name":"wp","href":"https:\/\/api.w.org\/{rel}","templated":true}]}}